{"id":3084,"date":"2019-09-03T12:02:07","date_gmt":"2019-09-03T10:02:07","guid":{"rendered":"https:\/\/xtend-platform.io\/?page_id=3084"},"modified":"2023-04-11T10:39:15","modified_gmt":"2023-04-11T08:39:15","slug":"privacy-policy-2","status":"publish","type":"page","link":"https:\/\/xtend-platform.io\/?page_id=3084","title":{"rendered":"Impressum"},"content":{"rendered":"\t\t<div data-elementor-type=\"wp-page\" data-elementor-id=\"3084\" class=\"elementor elementor-3084\">\n\t\t\t\t\t\t\t\t\t<section class=\"elementor-section elementor-top-section elementor-element elementor-element-a0b74ad elementor-section-full_width elementor-section-stretched elementor-section-height-default elementor-section-height-default\" data-id=\"a0b74ad\" data-element_type=\"section\" data-settings=\"{&quot;stretch_section&quot;:&quot;section-stretched&quot;}\">\n\t\t\t\t\t\t<div class=\"elementor-container elementor-column-gap-no\">\n\t\t\t\t\t<div class=\"elementor-column elementor-col-100 elementor-top-column elementor-element elementor-element-3cc12ea\" data-id=\"3cc12ea\" data-element_type=\"column\">\n\t\t\t<div class=\"elementor-widget-wrap elementor-element-populated\">\n\t\t\t\t\t\t\t\t<div class=\"elementor-element elementor-element-c0b4b9c elementor-widget elementor-widget-appal-sass-banner\" data-id=\"c0b4b9c\" data-element_type=\"widget\" data-widget_type=\"appal-sass-banner.default\">\n\t\t\t\t<div class=\"elementor-widget-container\">\n\t\t\t\r\n        \r\n        <!-- banner-section - start\r\n            ================================================== -->\r\n        <section id=\"banner-section\" class=\"banner-section clearfix\">\r\n            <div class=\"sass-banner-3 clearfix\"\r\n                 style=\"background-image: url(https:\/\/xtend-platform.io\/wp-content\/uploads\/2019\/11\/bg-img-1-2.png);\">\r\n\r\n                <div class=\"container\">\r\n                    <div class=\"row justify-content-lg-between justify-content-md-center\">\r\n\r\n                        <div class=\"col-lg-7 col-md-8 col-sm-12\">\r\n                            <!-- show on mobile device - start -->\r\n                            <div class=\"mobile-banner-image d-none\">\r\n                                <img decoding=\"async\" src=\"https:\/\/xtend-platform.io\/wp-content\/uploads\/2023\/04\/OPSLaptop.png\" alt=\"Mobile banner Image\"\/>\r\n                            <\/div>\r\n                            <!-- show on mobile device - end -->\r\n                            <div class=\"banner-content\">\r\n                                <h2 class=\"title-text mb-30\">\r\n                                    Impressum                                <\/h2>\r\n                                <p>\r\n                                    <p>Fraunhofer-Gesellschaft&nbsp;zur F\u00f6rderung der angewandten Forschung e.V.<br \/>\nHansastra\u00dfe 27c,&nbsp;80686 M\u00fcnchen<br \/>\nTelefon +49 89 1205- 0<br \/>\nFax +49 89 1205-7531<br \/>\nE-Mail: info(at)zv.fraunhofer.de<\/p>                                <\/p>\r\n                                <div class=\"btns-group ul-li clearfix\">\r\n\r\n                                    <ul class=\"clearfix\">\r\n                                                                                <li>\r\n                                            <p class=\"info-text mb-0\">\r\n                                                                                            <\/p>\r\n                                        <\/li>\r\n                                    <\/ul>\r\n                                <\/div>\r\n                            <\/div>\r\n                        <\/div>\r\n\r\n                        <div class=\"col-lg-5 col-md-8 col-sm-12\">\r\n                            <div class=\"banner-item-image\">\r\n\t\t\t\t\t\t\t\t<span class=\"laptop-image\" data-aos=\"zoom-out\" data-aos-delay=\"100\">\r\n\t\t\t\t\t\t\t\t\t<img decoding=\"async\" src=\"https:\/\/xtend-platform.io\/wp-content\/uploads\/2023\/04\/OPSLaptop.png\" alt=\"image_not_found\">\r\n\t\t\t\t\t\t\t\t<\/span>\r\n\r\n                                <span class=\"child-image-1\" data-aos=\"fade-up\" data-aos-delay=\"500\">\r\n\t\t\t\t\t\t\t\t\t<img decoding=\"async\" src=\"https:\/\/xtend-platform.io\/wp-content\/uploads\/2023\/04\/OPSWindow1.png\" alt=\"image_not_found\">\r\n\t\t\t\t\t\t\t\t<\/span>\r\n\r\n                                <span class=\"child-image-2\" data-aos=\"fade-up\" data-aos-delay=\"500\">\r\n\t\t\t\t\t\t\t\t\t<img decoding=\"async\" src=\"https:\/\/xtend-platform.io\/wp-content\/uploads\/2023\/04\/OPSWindow2.png\" alt=\"image_not_found\">\r\n\t\t\t\t\t\t\t\t<\/span>\r\n\r\n\r\n                            <\/div>\r\n                        <\/div>\r\n\r\n                    <\/div>\r\n                <\/div>\r\n\r\n                \r\n            <\/div>\r\n        <\/section>\r\n        <!-- banner-section - end\r\n        ================================================== -->\r\n\r\n    \r\n        \t\t<\/div>\n\t\t\t\t<\/div>\n\t\t\t\t\t<\/div>\n\t\t<\/div>\n\t\t\t\t\t\t\t<\/div>\n\t\t<\/section>\n\t\t\t\t<section class=\"elementor-section elementor-top-section elementor-element elementor-element-c3f1ae2 elementor-section-boxed elementor-section-height-default elementor-section-height-default\" data-id=\"c3f1ae2\" data-element_type=\"section\">\n\t\t\t\t\t\t<div class=\"elementor-container elementor-column-gap-no\">\n\t\t\t\t\t<div class=\"elementor-column elementor-col-100 elementor-top-column elementor-element elementor-element-8f48553\" data-id=\"8f48553\" data-element_type=\"column\">\n\t\t\t<div class=\"elementor-widget-wrap elementor-element-populated\">\n\t\t\t\t\t\t\t\t<div class=\"elementor-element elementor-element-9746c67 elementor-widget__width-initial elementor-widget elementor-widget-wp-widget-custom_html\" data-id=\"9746c67\" data-element_type=\"widget\" data-widget_type=\"wp-widget-custom_html.default\">\n\t\t\t\t<div class=\"elementor-widget-container\">\n\t\t\t<div class=\"textwidget custom-html-widget\"><br \/>\r\n<div><h2>Umsatzsteuer-Identifikationsnummer gem\u00e4\u00df \u00a7 27a Umsatzsteuergesetz<\/h2><div><p>DE 129515865<\/p><\/div><\/div>\r\n    <div><h2>Registergericht<\/h2><div><p>Amtsgericht M\u00fcnchen<br \/>\r\nEingetragener Verein<br \/>\r\nRegister-Nr. VR 4461<\/p>\r\n<\/div><\/div>\r\n    <div><h2>Redaktionsverantwortlich im Sinne des Presserechts<\/h2><div><p>Roman M\u00f6hlmann<br \/>\r\nBereichsleiter Wissenschaftskommunikation<br \/>\r\nFraunhofer-Gesellschaft e.V.<br \/>\r\nHansastra\u00dfe 27c, 80686 M\u00fcnchen<br \/>\r\nKontakt Online-Redaktion <a class=\"external\" href=\"mailto:online-redaktion@zv.fraunhofer.de\" rel=\"noopener\" target=\"_blank\">E-Mail senden<\/a><\/p>\r\n<\/div><\/div>\r\n    <div><h2>Vorstand<\/h2><div><p><b>Prof. Dr.-Ing. Reimund Neugebauer<\/b>&nbsp;| Pr\u00e4sident<br \/>\r\n<b>Prof. Dr. Alexander Kurz<\/b>&nbsp;| Mitglied des Vorstands<br \/>\r\n<b>Prof. Dr. Axel M\u00fcller-Groeling<\/b>&nbsp;| Mitglied des Vorstands<br \/>\r\n<b>Ass. jur. Elisabeth Ewen<\/b>&nbsp;| Mitglied des Vorstands<br \/>\r\n<b>Dr. Sandra Krey<\/b>&nbsp;| Mitglied des Vorstands<\/p>\r\n<\/div><\/div>\r\n    <div><h2>Nutzungsrechte<\/h2><div><p>Copyright \u00a9 by<br \/>\r\nFraunhofer-Gesellschaft<\/p>\r\n\r\n<p>Alle Rechte vorbehalten.<br \/>\r\nDie Urheberrechte dieser Web-Site liegen vollst\u00e4ndig bei der Fraunhofer-Gesellschaft.<\/p>\r\n\r\n<p>Ein Download oder Ausdruck dieser Ver\u00f6ffentlichungen ist ausschlie\u00dflich f\u00fcr den pers\u00f6nlichen Gebrauch gestattet. Alle dar\u00fcber hinaus gehenden Verwendungen, insbesondere die kommerzielle Nutzung und Verbreitung, sind grunds\u00e4tzlich nicht gestattet und bed\u00fcrfen der schriftlichen Genehmigung.<\/p>\r\n\r\n<p> Ein Download oder Ausdruck ist dar\u00fcber hinaus lediglich zum Zweck der Berichterstattung \u00fcber die Fraunhofer-Gesellschaft und Ihre Institute nach Ma\u00dfgabe unten stehender Nutzungsbedingungen gestattet.<\/p>\r\n\r\n<p>Grafische Ver\u00e4nderungen an Bildmotiven - au\u00dfer zum Freistellen des Hauptmotivs - sind nicht gestattet. Es ist stets die Quellenangabe und \u00dcbersendung von zwei kostenlosen Belegexemplaren an die oben genannte Adresse erforderlich. Die Verwendung ist honorarfrei.<\/p>\r\n<\/div><\/div>\r\n    <div><h2>Haftungshinweis<\/h2><div><p>Wir \u00fcbernehmen keine Haftung f\u00fcr die Inhalte externer Links. F\u00fcr den Inhalt der verlinkten Seiten sind ausschlie\u00dflich deren Betreiber verantwortlich.<\/p>\r\n\r\n<p>Wir sind bem\u00fcht, das Webangebot stets aktuell und inhaltlich richtig sowie vollst\u00e4ndig anzubieten. Dennoch ist das Auftreten von Fehlern nicht v\u00f6llig auszuschlie\u00dfen. Das Fraunhofer-Institut bzw. die Fraunhofer-Gesellschaft \u00fcbernimmt keine Haftung f\u00fcr die Aktualit\u00e4t, die inhaltliche Richtigkeit sowie f\u00fcr die Vollst\u00e4ndigkeit der in ihrem Webangebot eingestellten Informationen. Dies bezieht sich auf eventuelle Sch\u00e4den materieller oder ideeller Art Dritter, die durch die Nutzung dieses Webangebotes verursacht wurden.<\/p>\r\n\r\n<p>Gesch\u00fctzte Marken und Namen, Bilder und Texte werden auf unseren Seiten in der Regel nicht als solche kenntlich gemacht. Das Fehlen einer solchen Kennzeichnung bedeutet jedoch nicht, dass es sich um einen freien Namen, ein freies Bild oder einen freien Text im Sinne des Markenzeichenrechts handelt.<\/p>\r\n<\/div><\/div><\/div>\t\t<\/div>\n\t\t\t\t<\/div>\n\t\t\t\t\t<\/div>\n\t\t<\/div>\n\t\t\t\t\t\t\t<\/div>\n\t\t<\/section>\n\t\t\t\t\t\t\t<\/div>\n\t\t","protected":false},"excerpt":{"rendered":"<p>Impressum Fraunhofer-Gesellschaft&nbsp;zur F\u00f6rderung der angewandten Forschung e.V. Hansastra\u00dfe 27c,&nbsp;80686 M\u00fcnchen Telefon +49 89 1205- 0 Fax +49 89 1205-7531 E-Mail: info(at)zv.fraunhofer.de<\/p>\n","protected":false},"author":1,"featured_media":0,"parent":0,"menu_order":0,"comment_status":"closed","ping_status":"closed","template":"page-builder.php","meta":{"_monsterinsights_skip_tracking":false,"_monsterinsights_sitenote_active":false,"_monsterinsights_sitenote_note":"","_monsterinsights_sitenote_category":0,"footnotes":""},"class_list":["post-3084","page","type-page","status-publish","hentry"],"aioseo_notices":[],"_links":{"self":[{"href":"https:\/\/xtend-platform.io\/index.php?rest_route=\/wp\/v2\/pages\/3084","targetHints":{"allow":["GET"]}}],"collection":[{"href":"https:\/\/xtend-platform.io\/index.php?rest_route=\/wp\/v2\/pages"}],"about":[{"href":"https:\/\/xtend-platform.io\/index.php?rest_route=\/wp\/v2\/types\/page"}],"author":[{"embeddable":true,"href":"https:\/\/xtend-platform.io\/index.php?rest_route=\/wp\/v2\/users\/1"}],"replies":[{"embeddable":true,"href":"https:\/\/xtend-platform.io\/index.php?rest_route=%2Fwp%2Fv2%2Fcomments&post=3084"}],"version-history":[{"count":4,"href":"https:\/\/xtend-platform.io\/index.php?rest_route=\/wp\/v2\/pages\/3084\/revisions"}],"predecessor-version":[{"id":3088,"href":"https:\/\/xtend-platform.io\/index.php?rest_route=\/wp\/v2\/pages\/3084\/revisions\/3088"}],"wp:attachment":[{"href":"https:\/\/xtend-platform.io\/index.php?rest_route=%2Fwp%2Fv2%2Fmedia&parent=3084"}],"curies":[{"name":"wp","href":"https:\/\/api.w.org\/{rel}","templated":true}]}}